{"id":484,"date":"2017-05-04T11:32:34","date_gmt":"2017-05-04T09:32:34","guid":{"rendered":"https:\/\/www.kkl.si\/?page_id=484\/"},"modified":"2026-05-07T15:36:45","modified_gmt":"2026-05-07T13:36:45","slug":"a-lendvai-konyvtar-es-kulturalis-kozpont-kozintezet-tanacsa","status":"publish","type":"page","link":"https:\/\/www.kkl.si\/hu\/a-lendvai-konyvtar-es-kulturalis-kozpont-kozintezet-tanacsa\/","title":{"rendered":"A Lendvai K\u00f6nyvt\u00e1r \u00e9s Kultur\u00e1lis K\u00f6zpont k\u00f6zint\u00e9zet Tan\u00e1csa"},"content":{"rendered":"<div id=\"pl-484\"  class=\"panel-layout\" ><div id=\"pg-484-0\"  class=\"panel-grid panel-no-style\" ><div id=\"pgc-484-0-0\"  class=\"panel-grid-cell\" ><div id=\"panel-484-0-0-0\" class=\"so-panel widget_black-studio-tinymce widget_black_studio_tinymce panel-first-child\" data-index=\"0\" ><div class=\"textwidget\"><p>A KKC Lendava \u2013 Lendvai KKK Tan\u00e1cs\u00e1nak m\u0171k\u00f6d\u00e9si szab\u00e1lyzata <a href=\"\/files\/kijz\/Poslovnik_Sveta_KKC_Lendava-Lendvai_KKK.pdf\" target=\"_blank\"><i class=\"fa fa-file-pdf-o fa-fw\"><\/i><\/a><br \/>\nA KKC Lendava \u2013 Lendvai KKK Tan\u00e1csa m\u0171k\u00f6d\u00e9si szab\u00e1lyzat\u00e1nak a v\u00e1ltoztat\u00e1sa (2018. 6. 14.) <a href=\"\/files\/kijz\/Sprememba_Poslovnika_Sveta_KKC_Lendava-Lendvai_KKK.pdf\" target=\"_blank\"><i class=\"fa fa-file-pdf-o fa-fw\"><\/i><\/a><br \/>\nA KKC Lendava \u2013 Lendvai KKK Tan\u00e1csa m\u0171k\u00f6d\u00e9si szab\u00e1lyzat\u00e1nak a v\u00e1ltoztat\u00e1sa (2019. 1. 25.) <a href=\"\/files\/kijz\/Sprememba_Poslovnika_Sveta_KKC_Lendava-Lendvai_KKK-25_01_2019.pdf\" target=\"_blank\"><i class=\"fa fa-file-pdf-o fa-fw\"><\/i><\/a><\/p>\n<\/div><\/div><div id=\"panel-484-0-0-1\" class=\"so-panel widget_sow-editor\" data-index=\"1\" ><div\n\t\t\t\n\t\t\tclass=\"so-widget-sow-editor so-widget-sow-editor-base\"\n\t\t\t\n\t\t>\n<div class=\"siteorigin-widget-tinymce textwidget\">\n\t<h2>Mand\u00e1tum id\u0151szaka: 2026\u20132031<\/h2>\n<\/div>\n<\/div><\/div><div id=\"panel-484-0-0-2\" class=\"so-panel widget_black-studio-tinymce widget_black_studio_tinymce\" data-index=\"2\" ><div class=\"textwidget\"><h3>A k\u00f6zint\u00e9zet tan\u00e1cs\u00e1nak a tagjai<\/h3>\n<p><em>Az alap\u00edt\u00f3 k\u00e9pvisel\u0151i:<\/em><br \/>\nPetra Pe\u010dek<br \/>\nRobert Po\u017eonec, eln\u00f6k<br \/>\nEva \u0160abjan<br \/>\nRobert T\u00f6rnar<\/p>\n<p><em>A felhaszn\u00e1l\u00f3k k\u00e9pvisel\u0151i:<\/em><br \/>\ndr. Zolti Kepe, podpredsednik<br \/>\n\u00c9va Tivadar<\/p>\n<p><em>A t\u00e1rsalap\u00edt\u00f3 k\u00e9pvisel\u0151i:<\/em><br \/>\nBogl\u00e1rka Vass<br \/>\nIstv\u00e1n \u0160tefan Varga<\/p>\n<p><em>Az alkalmazottak k\u00e9pvisel\u0151i:<\/em><br \/>\nNikolaj Ba\u017eika<br \/>\nGordan Gerebic<\/p>\n<\/div><\/div><div id=\"panel-484-0-0-3\" class=\"so-panel widget_black-studio-tinymce widget_black_studio_tinymce\" data-index=\"3\" ><div class=\"textwidget\"><h3><\/h3>\n<h3>A k\u00f6zint\u00e9zet Tan\u00e1cs\u00e1nak \u00fcl\u00e9sei<\/h3>\n<\/div><\/div><div id=\"panel-484-0-0-4\" class=\"so-panel widget_black-studio-tinymce widget_black_studio_tinymce\" data-index=\"4\" ><div class=\"textwidget\"><h4>A k\u00f6vetkez\u0151 \u00fcl\u00e9s<\/h4>\n<ul>\n<li>Az id\u0151pont m\u00e9g nincs meghat\u00e1rozva.<\/li>\n<\/ul><\/div><\/div><div id=\"panel-484-0-0-5\" class=\"so-panel widget_black-studio-tinymce widget_black_studio_tinymce\" data-index=\"5\" ><div class=\"textwidget\"><h4>A tan\u00e1cs \u00fcl\u00e9sei<\/h4>\n<ul>\n<li><em>2026. 5. 6.<\/em>: a KKC Lendava \u2013 Lendvai KKK Tan\u00e1cs\u00e1nak alakul\u00f3 \u00fcl\u00e9se<\/li>       \n<\/ul><\/div><\/div><div id=\"panel-484-0-0-6\" class=\"so-panel widget_sow-editor\" data-index=\"6\" ><div\n\t\t\t\n\t\t\tclass=\"so-widget-sow-editor so-widget-sow-editor-base\"\n\t\t\t\n\t\t>\n<div class=\"siteorigin-widget-tinymce textwidget\">\n\t<h2>Mand\u00e1tum id\u0151szaka: 2021\u20132026<\/h2>\n<\/div>\n<\/div><\/div><div id=\"panel-484-0-0-7\" class=\"so-panel widget_black-studio-tinymce widget_black_studio_tinymce\" data-index=\"7\" ><div class=\"textwidget\"><h3>A k\u00f6zint\u00e9zet tan\u00e1cs\u00e1nak a tagjai<\/h3>\n<p><em>Az alap\u00edt\u00f3 k\u00e9pvisel\u0151i:<\/em><br \/>\nAlenka Kekec Gali\u010d<br \/>\nPetra Pe\u010dek<br \/>\nEva \u0160abjan<br \/>\nGizela Zver<\/p>\n<p><em>A felhaszn\u00e1l\u00f3k k\u00e9pvisel\u0151i:<\/em><br \/>\nRobert Po\u017eonec, eln\u00f6k<br \/>\nEva Tivadar<\/p>\n<p><em>A t\u00e1rsalap\u00edt\u00f3 k\u00e9pvisel\u0151i:<\/em><br \/>\ndr. Zolti Kepe, aleln\u00f6k<br \/>\nIstv\u00e1n \u0160tefan Varga<\/p>\n<p><em>Az alkalmazottak k\u00e9pvisel\u0151je:<\/em><br \/>\nInes Varga<\/p>\n<\/div><\/div><div id=\"panel-484-0-0-8\" class=\"so-panel widget_black-studio-tinymce widget_black_studio_tinymce\" data-index=\"8\" ><div class=\"textwidget\"><h3><\/h3>\n<h3>A k\u00f6zint\u00e9zet Tan\u00e1cs\u00e1nak \u00fcl\u00e9sei<\/h3>\n<\/div><\/div><div id=\"panel-484-0-0-9\" class=\"so-panel widget_black-studio-tinymce widget_black_studio_tinymce\" data-index=\"9\" ><div class=\"textwidget\"><h4>A k\u00f6vetkez\u0151 \u00fcl\u00e9s<\/h4>\n<ul>\n<li>Az id\u0151pont m\u00e9g nincs meghat\u00e1rozva.<\/li>\n<\/ul><\/div><\/div><div id=\"panel-484-0-0-10\" class=\"so-panel widget_black-studio-tinymce widget_black_studio_tinymce\" data-index=\"10\" ><div class=\"textwidget\"><h4>A tan\u00e1cs \u00fcl\u00e9sei<\/h4>\n<ul>\n<li><em>2026. 3. 26.<\/em>: a KKC Lendava \u2013 Lendvai KKK Tan\u00e1cs\u00e1nak 27. \u00fcl\u00e9se<\/li>\n<li><em>2026. 2. 24.<\/em>: a KKC Lendava \u2013 Lendvai KKK Tan\u00e1cs\u00e1nak 26. \u00fcl\u00e9se<\/li>\n<li><em>2026. 2. 2.<\/em>: a KKC Lendava \u2013 Lendvai KKK Tan\u00e1cs\u00e1nak 25. \u00fcl\u00e9se<\/li>\n<li><em>2025. 12. 11.<\/em>: a KKC Lendava \u2013 Lendvai KKK Tan\u00e1cs\u00e1nak 24. \u00fcl\u00e9se<\/li>\n<li><em>2025. 10. 2.<\/em>: a KKC Lendava \u2013 Lendvai KKK Tan\u00e1cs\u00e1nak 23. \u00fcl\u00e9se<\/li>\n<li><em>2025. 3. 27.<\/em>: a KKC Lendava \u2013 Lendvai KKK Tan\u00e1cs\u00e1nak 22. \u00fcl\u00e9se<\/li>\n<li><em>2025. 2. 25.<\/em>: a KKC Lendava \u2013 Lendvai KKK Tan\u00e1cs\u00e1nak 21. \u00fcl\u00e9se<\/li>\n<li><em>2025. 1. 29.<\/em>: a KKC Lendava \u2013 Lendvai KKK Tan\u00e1cs\u00e1nak 20. \u00fcl\u00e9se<\/li>\n<li><em>2024. 12. 16.<\/em>: a KKC Lendava \u2013 Lendvai KKK Tan\u00e1cs\u00e1nak 19. \u00fcl\u00e9se<\/li>\n<li><em>2024. 4. 15.:<\/em> a KKC Lendava \u2013 Lendvai KKK Tan\u00e1cs\u00e1nak 8. levelez\u0151 \u00fcl\u00e9se<\/li>\n<li><em>2024. 3. 20.<\/em>: a KKC Lendava \u2013 Lendvai KKK Tan\u00e1cs\u00e1nak 18. \u00fcl\u00e9se<\/li>\n<li><em>2024. 2. 27.<\/em>: a KKC Lendava \u2013 Lendvai KKK Tan\u00e1cs\u00e1nak 17. \u00fcl\u00e9se<\/li>\n<li><em>2024. 2. 1.<\/em>: a KKC Lendava \u2013 Lendvai KKK Tan\u00e1cs\u00e1nak 16. \u00fcl\u00e9se<\/li>\n<li><em>2023. 12. 20.<\/em>: a KKC Lendava \u2013 Lendvai KKK Tan\u00e1cs\u00e1nak 7. levelez\u0151 \u00fcl\u00e9se<\/li>\n<li><em>2023. 9. 28.<\/em>: a KKC Lendava \u2013 Lendvai KKK Tan\u00e1cs\u00e1nak 15. \u00fcl\u00e9se<\/li>\n<li><em>2023. 4. 6.<\/em>: a KKC Lendava \u2013 Lendvai KKK Tan\u00e1cs\u00e1nak 14. \u00fcl\u00e9se<\/li>\n<li><em>2023. 2. 23.<\/em>: a KKC Lendava \u2013 Lendvai KKK Tan\u00e1cs\u00e1nak 13. \u00fcl\u00e9se<\/li>\n<li><em>2023. 2. 6.<\/em>: a KKC Lendava \u2013 Lendvai KKK Tan\u00e1cs\u00e1nak 12. \u00fcl\u00e9se<\/li>\n<li><em>2022. 12. 14.<\/em>: a KKC Lendava \u2013 Lendvai KKK Tan\u00e1cs\u00e1nak 6. levelez\u0151 \u00fcl\u00e9se<\/li>\n<li><em>2022. 11. 14.<\/em>: a KKC Lendava \u2013 Lendvai KKK Tan\u00e1cs\u00e1nak 11. \u00fcl\u00e9se<\/li>\n<li><em>2022. 9. 16.<\/em>: a KKC Lendava \u2013 Lendvai KKK Tan\u00e1cs\u00e1nak 5. levelez\u0151 \u00fcl\u00e9se<\/li>\n<li><em>2022. 9. 14.<\/em>: a KKC Lendava \u2013 Lendvai KKK Tan\u00e1cs\u00e1nak 4. levelez\u0151 \u00fcl\u00e9se<\/li>\n<li><em>2022. 7. 26.<\/em>: a KKC Lendava \u2013 Lendvai KKK Tan\u00e1cs\u00e1nak 3. levelez\u0151 \u00fcl\u00e9se<\/li>\n<li><em>2022. 7. 21.<\/em>: a KKC Lendava \u2013 Lendvai KKK Tan\u00e1cs\u00e1nak 10. \u00fcl\u00e9se<\/li>\n<li><em>2022. 7. 5.<\/em>: a KKC Lendava \u2013 Lendvai KKK Tan\u00e1cs\u00e1nak 9. \u00fcl\u00e9se<\/li>\n<li><em>2022. 6. 22.<\/em>: a KKC Lendava \u2013 Lendvai KKK Tan\u00e1cs\u00e1nak 2. levelez\u0151 \u00fcl\u00e9se<\/li>\n<li><em>2022. 5. 26.<\/em>: a KKC Lendava \u2013 Lendvai KKK Tan\u00e1cs\u00e1nak 8. \u00fcl\u00e9se<\/li>\n<li><em>2022. 3. 29.<\/em>: a KKC Lendava \u2013 Lendvai KKK Tan\u00e1cs\u00e1nak 7. \u00fcl\u00e9se<\/li>\n<li><em>2022. 2. 24.<\/em>: a KKC Lendava \u2013 Lendvai KKK Tan\u00e1cs\u00e1nak 6. \u00fcl\u00e9se<\/li>\n<li><em>2022. 2. 10.<\/em>: a KKC Lendava \u2013 Lendvai KKK Tan\u00e1cs\u00e1nak 5. \u00fcl\u00e9se<\/li>\n<li><em>2021. 12. 13.<\/em>: a KKC Lendava \u2013 Lendvai KKK Tan\u00e1cs\u00e1nak 1. levelez\u0151 \u00fcl\u00e9se<\/li>\n<li><em>2021. 12. 6.<\/em>: a KKC Lendava \u2013 Lendvai KKK Tan\u00e1cs\u00e1nak 4. \u00fcl\u00e9se<\/li>\n<li><em>2021. 10. 20.<\/em>: a KKC Lendava \u2013 Lendvai KKK Tan\u00e1cs\u00e1nak 3. \u00fcl\u00e9se<\/li>\n<li><em>2021. 6. 2.<\/em>: a KKC Lendava \u2013 Lendvai KKK Tan\u00e1cs\u00e1nak 2. \u00fcl\u00e9se<\/li>\n<li><em>2021. 4. 15.<\/em>: a KKC Lendava \u2013 Lendvai KKK Tan\u00e1cs\u00e1nak alakul\u00f3 \u00fcl\u00e9se<\/li>       \n<\/ul><\/div><\/div><div id=\"panel-484-0-0-11\" class=\"so-panel widget_sow-editor\" data-index=\"11\" ><div\n\t\t\t\n\t\t\tclass=\"so-widget-sow-editor so-widget-sow-editor-base\"\n\t\t\t\n\t\t>\n<div class=\"siteorigin-widget-tinymce textwidget\">\n\t<h2><\/h2>\n<h2><\/h2>\n<h2>Mand\u00e1tum id\u0151szaka: 2016\u20132021<\/h2>\n<\/div>\n<\/div><\/div><div id=\"panel-484-0-0-12\" class=\"so-panel widget_black-studio-tinymce widget_black_studio_tinymce\" data-index=\"12\" ><div class=\"textwidget\"><h3>A k\u00f6zint\u00e9zet tan\u00e1cs\u00e1nak a tagjai<\/h3>\n<p><em>Az alap\u00edt\u00f3 k\u00e9pvisel\u0151i:<\/em><br \/>\nRahela Hojnik Kelenc<br \/>\nIgor Kul\u010dar<br \/>\nAndrej Matja\u0161ec<br \/>\nEva \u0160abjan<\/p>\n<p><em>A felhaszn\u00e1l\u00f3k k\u00e9pvisel\u0151i:<\/em><br \/>\nSilvija Hajdinjak Prendl \u2013 eln\u00f6k<br \/>\n\u2013<\/p>\n<p><em>A t\u00e1rsalap\u00edt\u00f3 k\u00e9pvisel\u0151i:<\/em><br \/>\nPisnjak Atilla<br \/>\nVarga Istv\u00e1n \u0160tefan<\/p>\n<p><em>Az alkalmazottak k\u00e9pvisel\u0151je:<\/em><br \/>\nVanda Kova\u010d<\/p>\n<\/div><\/div><div id=\"panel-484-0-0-13\" class=\"so-panel widget_black-studio-tinymce widget_black_studio_tinymce\" data-index=\"13\" ><div class=\"textwidget\"><h3><\/h3>\n<h3>A k\u00f6zint\u00e9zet Tan\u00e1cs\u00e1nak \u00fcl\u00e9sei<\/h3>\n<\/div><\/div><div id=\"panel-484-0-0-14\" class=\"so-panel widget_black-studio-tinymce widget_black_studio_tinymce\" data-index=\"14\" ><div class=\"textwidget\"><h4>A k\u00f6vetkez\u0151 \u00fcl\u00e9s<\/h4>\n<ul>\n<li>Az id\u0151pont m\u00e9g nincs meghat\u00e1rozva.<\/li>\n<\/ul><\/div><\/div><div id=\"panel-484-0-0-15\" class=\"so-panel widget_black-studio-tinymce widget_black_studio_tinymce\" data-index=\"15\" ><div class=\"textwidget\"><h4>A tan\u00e1cs \u00fcl\u00e9sei<\/h4>\n<ul>\n        <li><em>2021. 3. 16.:<\/em> a KKC Lendava \u2013 Lendvai KKK Tan\u00e1cs\u00e1nak 7. levelez\u0151 \u00fcl\u00e9se<\/li>\n        <li><em>2021. 3. 11.:<\/em> a KKC Lendava \u2013 Lendvai KKK Tan\u00e1cs\u00e1nak 23. \u00fcl\u00e9se (nem volt hat\u00e1rozatk\u00e9pes)<\/li>\n        <li><em>2021. 2. 25.:<\/em> a KKC Lendava \u2013 Lendvai KKK Tan\u00e1cs\u00e1nak 6. levelez\u0151 \u00fcl\u00e9se<\/li>\n        <li><em>2021. 2. 22.:<\/em> a KKC Lendava \u2013 Lendvai KKK Tan\u00e1cs\u00e1nak 22. \u00fcl\u00e9se (nem volt hat\u00e1rozatk\u00e9pes)<\/li>\n        <li><em>2021. 2. 3.: <\/em>a KKC Lendava \u2013 Lendvai KKK Tan\u00e1cs\u00e1nak 5. levelez\u0151 \u00fcl\u00e9se<\/li> \n        <li><em>2021. 2. 1.:<\/em> a KKC Lendava \u2013 Lendvai KKK Tan\u00e1cs\u00e1nak 21. \u00fcl\u00e9se (nem volt hat\u00e1rozatk\u00e9pes)<\/li>\n        <li><em>2020. 11. 26.:<\/em> a KKC Lendava \u2013 Lendvai KKK Tan\u00e1cs\u00e1nak 20. \u00fcl\u00e9se<\/li>\n        <li><em>2020. 6. 10.: <\/em>a KKC Lendava \u2013 Lendvai KKK Tan\u00e1cs\u00e1nak 19. \u00fcl\u00e9se<\/li> \n        <li><em>2020. 4. 3.: <\/em>a KKC Lendava \u2013 Lendvai KKK Tan\u00e1cs\u00e1nak az igazgat\u00f3 \u00e1ltal \u00f6sszeh\u00edvott levelez\u0151 \u00fcl\u00e9se.<\/li>\n        <li><em>2020. 2. 10.: <\/em>a KKC Lendava \u2013 Lendvai KKK Tan\u00e1cs\u00e1nak 4. levelez\u0151 \u00fcl\u00e9se (nem volt hat\u00e1rozatk\u00e9pes)<\/li> \n        <li><em>2020. 1. 29.: <\/em>a KKC Lendava \u2013 Lendvai KKK Tan\u00e1cs\u00e1nak 18. \u00fcl\u00e9se (nem volt hat\u00e1rozatk\u00e9pes)<\/li> \n        <li><em>2019. 12. 17.: <\/em>a KKC Lendava \u2013 Lendvai KKK Tan\u00e1cs\u00e1nak 17. \u00fcl\u00e9se<\/li> \n        <li><em>2019. 4. 1.: <\/em>a KKC Lendava \u2013 Lendvai KKK Tan\u00e1cs\u00e1nak 16. \u00fcl\u00e9se<\/li> \n        <li><em>2019. 2. 25.: <\/em>a KKC Lendava \u2013 Lendvai KKK Tan\u00e1cs\u00e1nak 15. \u00fcl\u00e9se<\/li>  \n        <li><em>2019. 1. 30.: <\/em>a KKC Lendava \u2013 Lendvai KKK Tan\u00e1cs\u00e1nak 14. \u00fcl\u00e9se<\/li> \n        <li><em>2018. 9. 25.: <\/em>a KKC Lendava \u2013 Lendvai KKK Tan\u00e1cs\u00e1nak 3. levelez\u0151 \u00fcl\u00e9se<\/li> \n        <li><em>2018. 6. 14.: <\/em>a KKC Lendava \u2013 Lendvai KKK Tan\u00e1cs\u00e1nak 13. \u00fcl\u00e9se<\/li> \n        <li><em>2018. 2. 26.: <\/em>a KKC Lendava \u2013 Lendvai KKK Tan\u00e1cs\u00e1nak 12. \u00fcl\u00e9se<\/li>     \t  \t\n        <li><em>2018. 2. 1.: <\/em>a KKC Lendava \u2013 Lendvai KKK Tan\u00e1cs\u00e1nak 11. \u00fcl\u00e9se<\/li>\n        <li><em>2018. 1. 4.: <\/em>a KKC Lendava \u2013 Lendvai KKK Tan\u00e1cs\u00e1nak 2. levelez\u0151 \u00fcl\u00e9se<\/li> \n        <li><em>2017. 12. 12.: <\/em>a KKC Lendava \u2013 Lendvai KKK Tan\u00e1cs\u00e1nak 10. \u00fcl\u00e9se<\/li>\n        <li><em>2017. 10. 20.: <\/em>a KKC Lendava \u2013 Lendvai KKK Tan\u00e1cs\u00e1nak 1. levelez\u0151 \u00fcl\u00e9se<\/li>\n        <li><em>2017. 9. 28.: <\/em>a KKC Lendava \u2013 Lendvai KKK Tan\u00e1cs\u00e1nak 9. \u00fcl\u00e9se<\/li>\n        <li><em>2017. 9. 20.: <\/em>a KKC Lendava \u2013 Lendvai KKK Tan\u00e1cs\u00e1nak 8. \u00fcl\u00e9se<\/li>\n        <li><em>2017. 9. 4.: <\/em>a KKC Lendava \u2013 Lendvai KKK Tan\u00e1cs\u00e1nak 7. \u00fcl\u00e9se<\/li>\n        <li><em>2017. 6. 13.: <\/em>a KKC Lendava \u2013 Lendvai KKK Tan\u00e1cs\u00e1nak 6. \u00fcl\u00e9se<\/li>\n \t<li><em>2017. 3. 20.: <\/em>a KKC Lendava \u2013 Lendvai KKK Tan\u00e1cs\u00e1nak 5. \u00fcl\u00e9se<\/li>\n \t<li><em>2017. 2. 27.: <\/em>a KKC Lendava \u2013 Lendvai KKK Tan\u00e1cs\u00e1nak 4. \u00fcl\u00e9se<\/li>\n \t<li><em>2017. 2. 1.: <\/em>a KKC Lendava \u2013 Lendvai KKK Tan\u00e1cs\u00e1nak 3. \u00fcl\u00e9se<\/li>\n \t<li><em>2016. 9. 26.: <\/em>a KKC Lendava \u2013 Lendvai KKK Tan\u00e1cs\u00e1nak 2. \u00fcl\u00e9se<\/li>\n \t<li><em>2016. 8. 30.: <\/em>a KKC Lendava \u2013 Lendvai KKK Tan\u00e1cs\u00e1nak 1. \u00fcl\u00e9se<\/li>\n<\/ul><\/div><\/div><div id=\"panel-484-0-0-16\" class=\"so-panel widget_black-studio-tinymce widget_black_studio_tinymce\" data-index=\"16\" ><div class=\"textwidget\"><h3><\/h3>\n<h3>Sajt\u00f3nyilatkozatok<\/h3>\n<\/div><\/div><div id=\"panel-484-0-0-17\" class=\"so-panel widget_black-studio-tinymce widget_black_studio_tinymce panel-last-child\" data-index=\"17\" ><div class=\"textwidget\"><ul>\n<li><em>2017. 7. 5<\/em>: Sajt\u00f3nyilatkozat <a href=\"\/files\/kijz\/svet\/Izjava_za_javnost_KKC_Lendava_2017_1.pdf\" target=\"_blank\"><i class=\"fa fa-file-pdf-o fa-fw\"><\/i><\/a><\/li>\n<\/ul>\n<\/div><\/div><\/div><\/div><\/div>","protected":false},"excerpt":{"rendered":"<p>A KKC Lendava \u2013 Lendvai KKK Tan\u00e1cs\u00e1nak m\u0171k\u00f6d\u00e9si szab\u00e1lyzata A KKC Lendava \u2013 Lendvai KKK Tan\u00e1csa m\u0171k\u00f6d\u00e9si szab\u00e1lyzat\u00e1nak a v\u00e1ltoztat\u00e1sa (2018. 6. 14.) A KKC Lendava \u2013 Lendvai KKK Tan\u00e1csa m\u0171k\u00f6d\u00e9si szab\u00e1lyzat\u00e1nak a v\u00e1ltoztat\u00e1sa (2019. 1. 25.) Mand\u00e1tum id\u0151szaka: 2026\u20132031 A k\u00f6zint\u00e9zet tan\u00e1cs\u00e1nak a tagjai Az alap\u00edt\u00f3 k\u00e9pvisel\u0151i: Petra Pe\u010dek Robert Po\u017eonec, eln\u00f6k Eva \u0160abjan [&hellip;]<\/p>\n","protected":false},"author":2,"featured_media":0,"parent":0,"menu_order":0,"comment_status":"closed","ping_status":"closed","template":"page-fullwidth.php","meta":{"footnotes":""},"class_list":["post-484","page","type-page","status-publish","hentry"],"_links":{"self":[{"href":"https:\/\/www.kkl.si\/hu\/wp-json\/wp\/v2\/pages\/484","targetHints":{"allow":["GET"]}}],"collection":[{"href":"https:\/\/www.kkl.si\/hu\/wp-json\/wp\/v2\/pages"}],"about":[{"href":"https:\/\/www.kkl.si\/hu\/wp-json\/wp\/v2\/types\/page"}],"author":[{"embeddable":true,"href":"https:\/\/www.kkl.si\/hu\/wp-json\/wp\/v2\/users\/2"}],"replies":[{"embeddable":true,"href":"https:\/\/www.kkl.si\/hu\/wp-json\/wp\/v2\/comments?post=484"}],"version-history":[{"count":151,"href":"https:\/\/www.kkl.si\/hu\/wp-json\/wp\/v2\/pages\/484\/revisions"}],"predecessor-version":[{"id":5464,"href":"https:\/\/www.kkl.si\/hu\/wp-json\/wp\/v2\/pages\/484\/revisions\/5464"}],"wp:attachment":[{"href":"https:\/\/www.kkl.si\/hu\/wp-json\/wp\/v2\/media?parent=484"}],"curies":[{"name":"wp","href":"https:\/\/api.w.org\/{rel}","templated":true}]}}